{"id":31418,"date":"2026-01-17T09:54:34","date_gmt":"2026-01-17T08:54:34","guid":{"rendered":"https:\/\/basaburuamtb.com\/gida-zerbitzua\/"},"modified":"2026-02-14T13:40:24","modified_gmt":"2026-02-14T12:40:24","slug":"gida-zerbitzua","status":"publish","type":"page","link":"https:\/\/basaburuamtb.com\/eu\/gida-zerbitzua\/","title":{"rendered":"Gida zerbitzua"},"content":{"rendered":"<div class=\"wpb-content-wrapper\"><section data-vc-full-width=\"true\" data-vc-full-width-init=\"false\" class=\"vc_row wpb_row vc_row-fluid   wow fadeIn pofo-stretch-content pofo-stretch-row-container vc_row-o-content-middle vc_row-flex\"><div class=\"wpb_column vc_column_container vc_col-sm-6 vc_col-lg-6 vc_col-md-6 vc_col-xs-12 wow fadeIn\"><div class=\"vc_column-inner \"><div class=\"wpb_wrapper\">[vc_single_image image=&#8221;30606&#8243; img_size=&#8221;300&#215;300&#8243; alignment=&#8221;center&#8221; css=&#8221;.vc_custom_1768670683647{margin-top: 0px !important;}&#8221;]<\/div><\/div><\/div><div class=\"wpb_column vc_column_container vc_col-sm-6 vc_col-lg-6 vc_col-md-6 vc_col-xs-12 wow fadeIn text-justify md-text-justify xs-text-center\"><div class=\"vc_column-inner \"><div class=\"wpb_wrapper\"><h5 class=\"text-extra-dark-gray margin-20px-bottom font-weight-600 display-inline-block heading-style2 pofo-button-responsive-69d9278257225  heading-1\"  style=\"width: 90%; font-weight: 300;\">Ipar Trails-en, ibilbide formako altxor guztiak ezagutzeko modurik errazena eta osatuena proposatzen dizugu, flowez betetako jardunaldi ahaztezinak bizi ditzazun.<\/h5><\/div><\/div><\/div><\/section><div class=\"vc_row-full-width vc_clearfix\"><\/div><section data-vc-full-width=\"true\" data-vc-full-width-init=\"false\" data-vc-stretch-content=\"true\" class=\"vc_row wpb_row vc_row-fluid  vc_custom_1507624164184 wow fadeIn pofo-stretch-content vc_row-o-equal-height vc_row-o-content-middle vc_row-flex\"><div class=\"wpb_column vc_column_container vc_col-sm-12 vc_col-md-4 vc_col-xs-12 wow fadeInUp xs-text-center pofo-column-responsive-69d92782572e5\"><div class=\"vc_column-inner \"><div class=\"wpb_wrapper\"><div class=\"featurebox20 pofo-featurebox  vc_custom_1768640971471 sm-swap-block feature-box-wrap image-hover-style-3 bg-light-gray overflow-hidden featurebox20-1\" ><div class=\"width-100 display-table small-screen xs-height-300px arrow-bottom\">\n                                    <div class=\"display-table-cell vertical-align-middle text-center padding-eighteen-lr md-padding-twelve-lr sm-padding-fifteen-all sm-padding-ten-lr xs-padding-five-lr xs-padding-fourteen-tb\"><h6 class=\"text-extra-dark-gray alt-font width-95 center-col xs-margin-15px-bottom\" style=\"font-weight: 600; color: #ffffff;\">ABENTURA GIDATUAK NAFARROAKO BIHOTZ BERDEAN<\/h6><div class=\"no-letter-spacing padding-two-lr line-height-26 xs-line-height-20 last-paragraph-no-margin\"><p style=\"color: #f2f0eb;\"><strong>Ipar Trails<\/strong>-en, mendiko bizikleta baten gainean iparraldeko benetako funtsa ezagutzera eramaten zaitugu.<br \/>\nGure bertako gidek Basaburua, Leitza eta Aralar mendilerroa zeharkatzen dituzten ibilbideetatik lagunduko zaituzte, baso amaigabeen, ezkutuko haranen eta begiratoki ederren artean.<\/p>\n<\/div><div class=\"separator-line-horrizontal-medium-light2 bg-deep-pink display-inline-block margin-40px-top xs-margin-20px-top\" style=\"background:#ffffff; \"><\/div>    <\/div>\n                                <\/div><div class=\"width-100 display-table position-relative cover-background small-screen xs-height-300px bg-image-srcset\" style=\"background-image: url(https:\/\/basaburuamtb.com\/wp-content\/uploads\/2026\/01\/basaburuamtb-rutasguiadas1.jpg)\" data-bg-srcset=\"https:\/\/basaburuamtb.com\/wp-content\/uploads\/2026\/01\/basaburuamtb-rutasguiadas1.jpg 700w, https:\/\/basaburuamtb.com\/wp-content\/uploads\/2026\/01\/basaburuamtb-rutasguiadas1-300x193.jpg 300w, https:\/\/basaburuamtb.com\/wp-content\/uploads\/2026\/01\/basaburuamtb-rutasguiadas1-120x77.jpg 120w, https:\/\/basaburuamtb.com\/wp-content\/uploads\/2026\/01\/basaburuamtb-rutasguiadas1-81x52.jpg 81w\"><\/div><\/div><\/div><\/div><\/div><div class=\"wpb_column vc_column_container vc_col-sm-12 vc_col-md-4 vc_col-xs-12 wow fadeInUp xs-text-center pofo-column-responsive-69d92782578d8\" data-wow-delay= 200ms><div class=\"vc_column-inner \"><div class=\"wpb_wrapper\"><div class=\"featurebox20 pofo-featurebox  vc_custom_1768641001233 feature-box-wrap image-hover-style-3 bg-light-gray overflow-hidden featurebox20-2\" ><div class=\"width-100 display-table position-relative cover-background small-screen xs-height-300px bg-image-srcset\" style=\"background-image: url(https:\/\/basaburuamtb.com\/wp-content\/uploads\/2026\/01\/basaburuamtb-rutasguiadas2.jpg)\" data-bg-srcset=\"https:\/\/basaburuamtb.com\/wp-content\/uploads\/2026\/01\/basaburuamtb-rutasguiadas2.jpg 700w, https:\/\/basaburuamtb.com\/wp-content\/uploads\/2026\/01\/basaburuamtb-rutasguiadas2-300x193.jpg 300w, https:\/\/basaburuamtb.com\/wp-content\/uploads\/2026\/01\/basaburuamtb-rutasguiadas2-120x77.jpg 120w, https:\/\/basaburuamtb.com\/wp-content\/uploads\/2026\/01\/basaburuamtb-rutasguiadas2-81x52.jpg 81w\"><\/div><div class=\"width-100 display-table small-screen xs-height-300px arrow-top\">\n                                    <div class=\"display-table-cell vertical-align-middle text-center padding-eighteen-lr md-padding-twelve-lr sm-padding-fifteen-all sm-padding-ten-lr xs-padding-five-lr xs-padding-fourteen-tb\"><h6 class=\"text-extra-dark-gray alt-font width-95 center-col xs-margin-15px-bottom\" style=\"font-weight: 600; color: #ffffff;\">MAILA GUZTIETARAKO IBILBIDEAK<\/h6><div class=\"no-letter-spacing padding-two-lr line-height-26 xs-line-height-20 last-paragraph-no-margin\"><p style=\"color: #f2f0eb;\">Nahiz pagadi eta belardien artean ibilaldi lasai bat bilatzen baduzu, edota jaitsiera teknikoak eta adrenalina hutsa badira zurea, zuretzat diseinatutako ibilbidea dugu.<br \/>\nIrteera bakoitza zure mailara, gogora eta erritmora egokitzen dugu, esperientzia ahalik eta gehien goza dezazun.<\/p>\n<\/div><div class=\"separator-line-horrizontal-medium-light2 bg-deep-pink display-inline-block margin-40px-top xs-margin-20px-top\" style=\"background:#dbbd51; \"><\/div>    <\/div>\n                                <\/div><\/div><\/div><\/div><\/div><div class=\"wpb_column vc_column_container vc_col-sm-12 vc_col-md-4 vc_col-xs-12 wow fadeInUp xs-text-center\" data-wow-delay= 400ms><div class=\"vc_column-inner \"><div class=\"wpb_wrapper\"><div class=\"featurebox20 pofo-featurebox  vc_custom_1768641053380 sm-swap-block feature-box-wrap image-hover-style-3 bg-light-gray overflow-hidden featurebox20-3\" ><div class=\"width-100 display-table small-screen xs-height-300px arrow-bottom\">\n                                    <div class=\"display-table-cell vertical-align-middle text-center padding-eighteen-lr md-padding-twelve-lr sm-padding-fifteen-all sm-padding-ten-lr xs-padding-five-lr xs-padding-fourteen-tb\"><h6 class=\"text-extra-dark-gray alt-font width-95 center-col xs-margin-15px-bottom\" style=\"font-weight: 600; color: #ffffff;\">IBILBIDE BAT BAINO GEHIAGO, NATURAREKIKO KONEXIOA<\/h6><div class=\"no-letter-spacing padding-two-lr line-height-26 xs-line-height-20 last-paragraph-no-margin\"><p style=\"color: #f2f0eb;\">Zaratatik urrun pedaleatu, aire garbidun arnasa hartu eta bihurgune bakoitzak ingurunearekin nola konektatzen zaituen senti ezazu. <strong>Ipar Trails<\/strong>-en uste dugu mendia ez dela soilik zeharkatzen: bizi egiten da.<\/p>\n<\/div><div class=\"separator-line-horrizontal-medium-light2 bg-deep-pink display-inline-block margin-40px-top xs-margin-20px-top\" style=\"background:#ffffff; \"><\/div>    <\/div>\n                                <\/div><div class=\"width-100 display-table position-relative cover-background small-screen xs-height-300px bg-image-srcset\" style=\"background-image: url(https:\/\/basaburuamtb.com\/wp-content\/uploads\/2026\/01\/basaburuamtb-rutasguiadas5.jpg)\" data-bg-srcset=\"https:\/\/basaburuamtb.com\/wp-content\/uploads\/2026\/01\/basaburuamtb-rutasguiadas5.jpg 700w, https:\/\/basaburuamtb.com\/wp-content\/uploads\/2026\/01\/basaburuamtb-rutasguiadas5-300x193.jpg 300w, https:\/\/basaburuamtb.com\/wp-content\/uploads\/2026\/01\/basaburuamtb-rutasguiadas5-120x77.jpg 120w, https:\/\/basaburuamtb.com\/wp-content\/uploads\/2026\/01\/basaburuamtb-rutasguiadas5-81x52.jpg 81w\"><\/div><\/div><\/div><\/div><\/div><\/section><div class=\"vc_row-full-width vc_clearfix\"><\/div><section class=\"vc_row wpb_row vc_row-fluid   wow fadeIn\"><div class=\"wpb_column vc_column_container vc_col-sm-1 vc_col-lg-2 vc_col-md-2 vc_hidden-xs col-xs-mobile-fullwidth\"><div class=\"vc_column-inner \"><div class=\"wpb_wrapper\"><\/div><\/div><\/div><div class=\"wpb_column vc_column_container vc_col-sm-10 vc_col-lg-8 vc_col-md-8 vc_col-xs-12 text-center\"><div class=\"vc_column-inner \"><div class=\"wpb_wrapper\"><div class=\"testimonial-3 testimonial-style-3\"><h5 class=\"alt-font text-extra-dark-gray font-weight-600 margin-5px-bottom\">\u00a1etor zaitez abenturara!<\/h5><h5 class=\"alt-font text-extra-dark-gray font-weight-300\">Prestatu natura, kirola eta emozioa uztartzen dituen jardunaldi baterako.<br \/>\n\ud83d\udc49 Erreserbatu zure hurrengo ibilbidea <strong>Ipar Trails<\/strong>-ekin eta ezagutu Nafarroa ikuspegi berri batetik.<\/h5><\/div><\/div><\/div><\/div><div class=\"wpb_column vc_column_container vc_col-sm-1 vc_col-lg-2 vc_col-md-2 vc_hidden-xs col-xs-mobile-fullwidth\"><div class=\"vc_column-inner \"><div class=\"wpb_wrapper\"><\/div><\/div><\/div><\/section><section data-vc-full-width=\"true\" data-vc-full-width-init=\"false\" data-vc-stretch-content=\"true\" class=\"vc_row wpb_row vc_row-fluid  vc_custom_1768130907109 wow fadeIn vc_row-has-fill pofo-stretch-content vc_row-o-equal-height vc_row-o-content-middle vc_row-flex\"><div class=\"wpb_column vc_column_container vc_col-has-fill vc_col-sm-12 vc_col-lg-6 vc_col-md-6 vc_col-xs-12 wow fadeIn pofo-column-responsive-69d9278258338\"><div class=\"vc_column-inner cover-background bg-position-center-center vc_custom_1768639280951\"><div class=\"wpb_wrapper\"><\/div><\/div><\/div><div class=\"wpb_column vc_column_container vc_col-sm-12 vc_col-lg-6 vc_col-md-6 vc_col-xs-12 wow fadeIn pofo-column-responsive-69d9278258370\"><div class=\"vc_column-inner \"><div class=\"wpb_wrapper\"><div class=\"vc_row wpb_row vc_inner vc_row-fluid  vc_custom_1768128917162\"><div class=\"wpb_column vc_column_container vc_col-sm-12  col-xs-mobile-fullwidth text-center\"><div class=\"vc_column-inner \"><div class=\"wpb_wrapper\"><h5 class=\"text-extra-dark-gray margin-20px-bottom font-weight-600 display-inline-block alt-font heading-style2  heading-2\"  style=\"font-weight: 600; color: #ffffff;\">Zergatik aukeratu?<\/h5><\/div><\/div><\/div><\/div><div class=\"vc_row wpb_row vc_inner vc_row-fluid\"><div class=\"wpb_column vc_column_container vc_col-sm-3  col-xs-mobile-fullwidth wow fadeIn\"><div class=\"vc_column-inner \"><div class=\"wpb_wrapper\"><\/div><\/div><\/div><div class=\"wpb_column vc_column_container vc_col-sm-6  col-xs-mobile-fullwidth text-left\"><div class=\"vc_column-inner \"><div class=\"wpb_wrapper\"><ul class=\"no-padding list-style-4 list-style4-1 \" style=\"color: #f2f0eb;\"><li><p style=\"text-align: justify; font-size: 16px;\">Gida aditu eta ziurtatuak.<\/p><\/li><li><p style=\"text-align: justify; font-size: 16px;\">Ibilbide pertsonalizatu eta seguruak.<\/p><\/li><li><p style=\"text-align: justify; font-size: 16px;\">Ingurune natural paregabeetan bizitako benetako esperientziak.<\/p><\/li><li><p style=\"text-align: justify; font-size: 16px;\">Oroitzeko eta partekatzeko une ahaztezinak.<\/p><\/li><\/ul><\/div><\/div><\/div><div class=\"wpb_column vc_column_container vc_col-sm-3  col-xs-mobile-fullwidth\"><div class=\"vc_column-inner \"><div class=\"wpb_wrapper\"><\/div><\/div><\/div><\/div><\/div><\/div><\/div><\/section><div class=\"vc_row-full-width vc_clearfix\"><\/div><section data-vc-full-width=\"true\" data-vc-full-width-init=\"false\" data-parallax-background-ratio=\"0.5\" class=\"vc_row wpb_row vc_row-fluid   wow fadeIn vc_row-has-fill pofo-stretch-content pofo-stretch-row-container parallax\"><div class=\"wpb_column vc_column_container vc_col-sm-12  col-xs-mobile-fullwidth text-center\"><div class=\"vc_column-inner \"><div class=\"wpb_wrapper\"><a class=\"popup-form-1 btn-extra-large btn btn-rounded btn-transparent-dark-gray wow fadeInDown popup-with-form pofo-button-1\" href=\"#popup-form-1770225101\" style=\"color:#2a5f43;  border-color:#2a5f43; \">Kontaktua Zerbitzuak<\/a><div id=\"popup-form-1770225101\" class=\" col-lg-3 col-md-6 col-xs-mobile-fullwidth white-popup-block mfp-hide center-col bg-white border-radius-6 padding-four-half-all md-padding-seven-all\">\n<div class=\"wpcf7 no-js\" id=\"wpcf7-f31330-o1\" lang=\"es-ES\" dir=\"ltr\" data-wpcf7-id=\"31330\">\n<div class=\"screen-reader-response\"><p role=\"status\" aria-live=\"polite\" aria-atomic=\"true\"><\/p> <ul><\/ul><\/div>\n<form action=\"\/eu\/wp-json\/wp\/v2\/pages\/31418#wpcf7-f31330-o1\" method=\"post\" class=\"wpcf7-form init\" aria-label=\"Contact form\" novalidate=\"novalidate\" data-status=\"init\">\n<fieldset class=\"hidden-fields-container\"><input type=\"hidden\" name=\"_wpcf7\" value=\"31330\" \/><input type=\"hidden\" name=\"_wpcf7_version\" value=\"6.1.5\" \/><input type=\"hidden\" name=\"_wpcf7_locale\" value=\"es_ES\" \/><input type=\"hidden\" name=\"_wpcf7_unit_tag\" value=\"wpcf7-f31330-o1\" \/><input type=\"hidden\" name=\"_wpcf7_container_post\" value=\"0\" \/><input type=\"hidden\" name=\"_wpcf7_posted_data_hash\" value=\"\" \/>\n<\/fieldset>\n<div class=\"text-extra-dark-gray alt-font text-large font-weight-600 margin-30px-bottom\">\n\t<p>Solicitud info Servicios IparTrails\n\t<\/p>\n<\/div>\n<div>\n\t<p><span class=\"wpcf7-form-control-wrap\" data-name=\"contact-name\"><input size=\"40\" maxlength=\"400\" class=\"wpcf7-form-control wpcf7-text wpcf7-validates-as-required input-bg\" aria-required=\"true\" aria-invalid=\"false\" placeholder=\"Nombre y Apellidos*\" value=\"\" type=\"text\" name=\"contact-name\" \/><\/span><br \/>\n<span class=\"wpcf7-form-control-wrap\" data-name=\"contact-empresa\"><input size=\"40\" maxlength=\"400\" class=\"wpcf7-form-control wpcf7-text input-bg\" aria-invalid=\"false\" placeholder=\"Empresa\" value=\"\" type=\"text\" name=\"contact-empresa\" \/><\/span><br \/>\n<span class=\"wpcf7-form-control-wrap\" data-name=\"contact-email\"><input size=\"40\" maxlength=\"400\" class=\"wpcf7-form-control wpcf7-email wpcf7-validates-as-required wpcf7-text wpcf7-validates-as-email input-bg\" aria-required=\"true\" aria-invalid=\"false\" placeholder=\"E-mail*\" value=\"\" type=\"email\" name=\"contact-email\" \/><\/span><br \/>\n<span class=\"wpcf7-form-control-wrap\" data-name=\"contact-phone\"><input size=\"40\" maxlength=\"400\" class=\"wpcf7-form-control wpcf7-text wpcf7-validates-as-required input-bg\" aria-required=\"true\" aria-invalid=\"false\" placeholder=\"Tel\u00e9fono Contacto*\" value=\"\" type=\"text\" name=\"contact-phone\" \/><\/span><br \/>\n<span class=\"wpcf7-form-control-wrap\" data-name=\"contact-servicio\"><select class=\"wpcf7-form-control wpcf7-select wpcf7-validates-as-required input-bg\" aria-required=\"true\" aria-invalid=\"false\" name=\"contact-servicio\"><option value=\"Selecciona Servicio\">Selecciona Servicio<\/option><option value=\"Trailbuilding\">Trailbuilding<\/option><option value=\"Gu\u00eda\">Gu\u00eda<\/option><option value=\"Alquilere-Bikes\">Alquilere-Bikes<\/option><option value=\"Remontes\">Remontes<\/option><option value=\"Cursos T\u00e9cnicos\">Cursos T\u00e9cnicos<\/option><option value=\"Organizaci\u00f3n Eventos\">Organizaci\u00f3n Eventos<\/option><\/select><\/span><br \/>\n<span class=\"wpcf7-form-control-wrap\" data-name=\"contact-message\"><textarea cols=\"40\" rows=\"3\" maxlength=\"2000\" class=\"wpcf7-form-control wpcf7-textarea wpcf7-validates-as-required input-bg\" aria-required=\"true\" aria-invalid=\"false\" placeholder=\"Com\u00e9ntanos qu\u00e9 necesitas\" name=\"contact-message\"><\/textarea><\/span>\n\t<\/p>\n\t<p><span class=\"wpcf7-form-control-wrap\" data-name=\"contact-especial\"><textarea cols=\"40\" rows=\"3\" maxlength=\"2000\" class=\"wpcf7-form-control wpcf7-textarea input-bg\" aria-invalid=\"false\" placeholder=\"\u00bfDeseas solicitar informaci\u00f3n o comunicar alguna necesidad de accesibilidad?\" name=\"contact-especial\"><\/textarea><\/span><br \/>\n<input class=\"wpcf7-form-control wpcf7-submit has-spinner btn btn-small border-radius-4 btn-black\" type=\"submit\" value=\"Enviar Solicitud\" \/>\n\t<\/p>\n<\/div><p style=\"display: none !important;\" class=\"akismet-fields-container\" data-prefix=\"_wpcf7_ak_\"><label>&#916;<textarea name=\"_wpcf7_ak_hp_textarea\" cols=\"45\" rows=\"8\" maxlength=\"100\"><\/textarea><\/label><input type=\"hidden\" id=\"ak_js_1\" name=\"_wpcf7_ak_js\" value=\"186\"\/><script>document.getElementById( \"ak_js_1\" ).setAttribute( \"value\", ( new Date() ).getTime() );<\/script><\/p><div class=\"wpcf7-response-output\" aria-hidden=\"true\"><\/div>\n<\/form>\n<\/div>\n<\/div><\/div><\/div><\/div><\/section><div class=\"vc_row-full-width vc_clearfix\"><\/div>\n<\/div>","protected":false},"excerpt":{"rendered":"[vc_single_image image=\"30606\" img_size=\"300x300\" alignment=\"center\" css=\".vc_custom_1768670683647{margin-top: 0px !important;}\"]Ipar Trails-en, ibilbide formako altxor guztiak ezagutzeko modurik errazena eta osatuena proposatzen dizugu, flowez betetako jardunaldi ahaztezinak bizi ditzazun. ABENTURA GIDATUAK NAFARROAKO BIHOTZ BERDEANIpar Trails-en, mendiko bizikleta baten gainean iparraldeko benetako funtsa ezagutzera eramaten zaitugu. Gure bertako gidek Basaburua, Leitza eta Aralar mendilerroa zeharkatzen dituzten ibilbideetatik lagunduko zaituzte, baso amaigabeen, ezkutuko haranen eta begiratoki ederren artean. MAILA GUZTIETARAKO IBILBIDEAKNahiz pagadi eta belardien artean ibilaldi lasai bat bilatzen baduzu, edota jaitsiera teknikoak eta adrenalina hutsa badira zurea, zuretzat diseinatutako ibilbidea dugu. Irteera bakoitza zure mailara, gogora eta erritmora egokitzen dugu, esperientzia ahalik eta gehien goza dezazun. IBILBIDE BAT BAINO GEHIAGO, NATURAREKIKO KONEXIOAZaratatik urrun pedaleatu, aire garbidun arnasa hartu eta bihurgune bakoitzak ingurunearekin nola konektatzen zaituen senti ezazu. Ipar Trails-en uste dugu mendia ez dela soilik zeharkatzen: bizi egiten da. \u00a1etor zaitez abenturara!Prestatu natura, kirola eta emozioa uztartzen dituen jardunaldi baterako. \ud83d\udc49 Erreserbatu zure hurrengo ibilbidea Ipar Trails-ekin eta ezagutu Nafarroa ikuspegi berri batetik.Zergatik aukeratu?Gida aditu eta ziurtatuak.Ibilbide pertsonalizatu eta seguruak.Ingurune natural paregabeetan bizitako benetako esperientziak.Oroitzeko eta partekatzeko une ahaztezinak.Kontaktua Zerbitzuak Solicitud info Servicios IparTrails Selecciona ServicioTrailbuildingGu\u00edaAlquilere-BikesRemontesCursos T\u00e9cnicosOrganizaci\u00f3n Eventos &#916;","protected":false},"author":2,"featured_media":0,"parent":0,"menu_order":0,"comment_status":"closed","ping_status":"closed","template":"","meta":{"_monsterinsights_skip_tracking":false,"_monsterinsights_sitenote_active":false,"_monsterinsights_sitenote_note":"","_monsterinsights_sitenote_category":0,"footnotes":""},"class_list":["post-31418","page","type-page","status-publish","hentry"],"yoast_head":"<!-- This site is optimized with the Yoast SEO plugin v26.9 - https:\/\/yoast.com\/product\/yoast-seo-wordpress\/ -->\n<title>IparTrails Gida Zerbitzua Nafarroan<\/title>\n<meta name=\"description\" content=\"IparTrails-en Nafarroan mendiko bizikletaren eta ibilbideak eraikitzearen inguruko zerbitzuak, teknika eta aisialdirako aukerak eskaintzen ditugu.\" \/>\n<meta name=\"robots\" content=\"index, follow, max-snippet:-1, max-image-preview:large, max-video-preview:-1\" \/>\n<link rel=\"canonical\" href=\"https:\/\/basaburuamtb.com\/eu\/gida-zerbitzua\/\" \/>\n<meta property=\"og:locale\" content=\"eu_ES\" \/>\n<meta property=\"og:type\" content=\"article\" \/>\n<meta property=\"og:title\" content=\"IparTrails Gida Zerbitzua Nafarroan\" \/>\n<meta property=\"og:description\" content=\"IparTrails-en Nafarroan mendiko bizikletaren eta ibilbideak eraikitzearen inguruko zerbitzuak, teknika eta aisialdirako aukerak eskaintzen ditugu.\" \/>\n<meta property=\"og:url\" content=\"https:\/\/basaburuamtb.com\/eu\/gida-zerbitzua\/\" \/>\n<meta property=\"og:site_name\" content=\"Basaburua MTB\" \/>\n<meta property=\"article:publisher\" content=\"https:\/\/www.facebook.com\/BasaburuaMTB\" \/>\n<meta property=\"article:modified_time\" content=\"2026-02-14T12:40:24+00:00\" \/>\n<script type=\"application\/ld+json\" class=\"yoast-schema-graph\">{\"@context\":\"https:\/\/schema.org\",\"@graph\":[{\"@type\":\"WebPage\",\"@id\":\"https:\/\/basaburuamtb.com\/eu\/gida-zerbitzua\/\",\"url\":\"https:\/\/basaburuamtb.com\/eu\/gida-zerbitzua\/\",\"name\":\"IparTrails Gida Zerbitzua Nafarroan\",\"isPartOf\":{\"@id\":\"https:\/\/basaburuamtb.com\/eu\/#website\"},\"datePublished\":\"2026-01-17T08:54:34+00:00\",\"dateModified\":\"2026-02-14T12:40:24+00:00\",\"description\":\"IparTrails-en Nafarroan mendiko bizikletaren eta ibilbideak eraikitzearen inguruko zerbitzuak, teknika eta aisialdirako aukerak eskaintzen ditugu.\",\"breadcrumb\":{\"@id\":\"https:\/\/basaburuamtb.com\/eu\/gida-zerbitzua\/#breadcrumb\"},\"inLanguage\":\"eu-ES\",\"potentialAction\":[{\"@type\":\"ReadAction\",\"target\":[\"https:\/\/basaburuamtb.com\/eu\/gida-zerbitzua\/\"]}]},{\"@type\":\"BreadcrumbList\",\"@id\":\"https:\/\/basaburuamtb.com\/eu\/gida-zerbitzua\/#breadcrumb\",\"itemListElement\":[{\"@type\":\"ListItem\",\"position\":1,\"name\":\"Portada\",\"item\":\"https:\/\/basaburuamtb.com\/eu\/hasiera\/\"},{\"@type\":\"ListItem\",\"position\":2,\"name\":\"Gida zerbitzua\"}]},{\"@type\":\"WebSite\",\"@id\":\"https:\/\/basaburuamtb.com\/eu\/#website\",\"url\":\"https:\/\/basaburuamtb.com\/eu\/\",\"name\":\"Basaburua MTB\",\"description\":\"Rutas MTB y Enduro en el valle de Basaburua en Navarra\",\"publisher\":{\"@id\":\"https:\/\/basaburuamtb.com\/eu\/#organization\"},\"alternateName\":\"MTB Basaburua\",\"potentialAction\":[{\"@type\":\"SearchAction\",\"target\":{\"@type\":\"EntryPoint\",\"urlTemplate\":\"https:\/\/basaburuamtb.com\/eu\/?s={search_term_string}\"},\"query-input\":{\"@type\":\"PropertyValueSpecification\",\"valueRequired\":true,\"valueName\":\"search_term_string\"}}],\"inLanguage\":\"eu-ES\"},{\"@type\":\"Organization\",\"@id\":\"https:\/\/basaburuamtb.com\/eu\/#organization\",\"name\":\"Basaburua MTB\",\"alternateName\":\"MTB Basaburua\",\"url\":\"https:\/\/basaburuamtb.com\/eu\/\",\"logo\":{\"@type\":\"ImageObject\",\"inLanguage\":\"eu-ES\",\"@id\":\"https:\/\/basaburuamtb.com\/eu\/#\/schema\/logo\/image\/\",\"url\":\"https:\/\/basaburuamtb.com\/wp-content\/uploads\/2022\/12\/cropped-Logo_MTB_BASABURUA-512x512-1.png\",\"contentUrl\":\"https:\/\/basaburuamtb.com\/wp-content\/uploads\/2022\/12\/cropped-Logo_MTB_BASABURUA-512x512-1.png\",\"width\":512,\"height\":512,\"caption\":\"Basaburua MTB\"},\"image\":{\"@id\":\"https:\/\/basaburuamtb.com\/eu\/#\/schema\/logo\/image\/\"},\"sameAs\":[\"https:\/\/www.facebook.com\/BasaburuaMTB\",\"https:\/\/www.instagram.com\/mtb_basaburua\/\",\"https:\/\/www.youtube.com\/@mtbbasaburua238\"]}]}<\/script>\n<!-- \/ Yoast SEO plugin. -->","yoast_head_json":{"title":"IparTrails Gida Zerbitzua Nafarroan","description":"IparTrails-en Nafarroan mendiko bizikletaren eta ibilbideak eraikitzearen inguruko zerbitzuak, teknika eta aisialdirako aukerak eskaintzen ditugu.","robots":{"index":"index","follow":"follow","max-snippet":"max-snippet:-1","max-image-preview":"max-image-preview:large","max-video-preview":"max-video-preview:-1"},"canonical":"https:\/\/basaburuamtb.com\/eu\/gida-zerbitzua\/","og_locale":"eu_ES","og_type":"article","og_title":"IparTrails Gida Zerbitzua Nafarroan","og_description":"IparTrails-en Nafarroan mendiko bizikletaren eta ibilbideak eraikitzearen inguruko zerbitzuak, teknika eta aisialdirako aukerak eskaintzen ditugu.","og_url":"https:\/\/basaburuamtb.com\/eu\/gida-zerbitzua\/","og_site_name":"Basaburua MTB","article_publisher":"https:\/\/www.facebook.com\/BasaburuaMTB","article_modified_time":"2026-02-14T12:40:24+00:00","schema":{"@context":"https:\/\/schema.org","@graph":[{"@type":"WebPage","@id":"https:\/\/basaburuamtb.com\/eu\/gida-zerbitzua\/","url":"https:\/\/basaburuamtb.com\/eu\/gida-zerbitzua\/","name":"IparTrails Gida Zerbitzua Nafarroan","isPartOf":{"@id":"https:\/\/basaburuamtb.com\/eu\/#website"},"datePublished":"2026-01-17T08:54:34+00:00","dateModified":"2026-02-14T12:40:24+00:00","description":"IparTrails-en Nafarroan mendiko bizikletaren eta ibilbideak eraikitzearen inguruko zerbitzuak, teknika eta aisialdirako aukerak eskaintzen ditugu.","breadcrumb":{"@id":"https:\/\/basaburuamtb.com\/eu\/gida-zerbitzua\/#breadcrumb"},"inLanguage":"eu-ES","potentialAction":[{"@type":"ReadAction","target":["https:\/\/basaburuamtb.com\/eu\/gida-zerbitzua\/"]}]},{"@type":"BreadcrumbList","@id":"https:\/\/basaburuamtb.com\/eu\/gida-zerbitzua\/#breadcrumb","itemListElement":[{"@type":"ListItem","position":1,"name":"Portada","item":"https:\/\/basaburuamtb.com\/eu\/hasiera\/"},{"@type":"ListItem","position":2,"name":"Gida zerbitzua"}]},{"@type":"WebSite","@id":"https:\/\/basaburuamtb.com\/eu\/#website","url":"https:\/\/basaburuamtb.com\/eu\/","name":"Basaburua MTB","description":"Rutas MTB y Enduro en el valle de Basaburua en Navarra","publisher":{"@id":"https:\/\/basaburuamtb.com\/eu\/#organization"},"alternateName":"MTB Basaburua","potentialAction":[{"@type":"SearchAction","target":{"@type":"EntryPoint","urlTemplate":"https:\/\/basaburuamtb.com\/eu\/?s={search_term_string}"},"query-input":{"@type":"PropertyValueSpecification","valueRequired":true,"valueName":"search_term_string"}}],"inLanguage":"eu-ES"},{"@type":"Organization","@id":"https:\/\/basaburuamtb.com\/eu\/#organization","name":"Basaburua MTB","alternateName":"MTB Basaburua","url":"https:\/\/basaburuamtb.com\/eu\/","logo":{"@type":"ImageObject","inLanguage":"eu-ES","@id":"https:\/\/basaburuamtb.com\/eu\/#\/schema\/logo\/image\/","url":"https:\/\/basaburuamtb.com\/wp-content\/uploads\/2022\/12\/cropped-Logo_MTB_BASABURUA-512x512-1.png","contentUrl":"https:\/\/basaburuamtb.com\/wp-content\/uploads\/2022\/12\/cropped-Logo_MTB_BASABURUA-512x512-1.png","width":512,"height":512,"caption":"Basaburua MTB"},"image":{"@id":"https:\/\/basaburuamtb.com\/eu\/#\/schema\/logo\/image\/"},"sameAs":["https:\/\/www.facebook.com\/BasaburuaMTB","https:\/\/www.instagram.com\/mtb_basaburua\/","https:\/\/www.youtube.com\/@mtbbasaburua238"]}]}},"_links":{"self":[{"href":"https:\/\/basaburuamtb.com\/eu\/wp-json\/wp\/v2\/pages\/31418","targetHints":{"allow":["GET"]}}],"collection":[{"href":"https:\/\/basaburuamtb.com\/eu\/wp-json\/wp\/v2\/pages"}],"about":[{"href":"https:\/\/basaburuamtb.com\/eu\/wp-json\/wp\/v2\/types\/page"}],"author":[{"embeddable":true,"href":"https:\/\/basaburuamtb.com\/eu\/wp-json\/wp\/v2\/users\/2"}],"replies":[{"embeddable":true,"href":"https:\/\/basaburuamtb.com\/eu\/wp-json\/wp\/v2\/comments?post=31418"}],"version-history":[{"count":3,"href":"https:\/\/basaburuamtb.com\/eu\/wp-json\/wp\/v2\/pages\/31418\/revisions"}],"predecessor-version":[{"id":31539,"href":"https:\/\/basaburuamtb.com\/eu\/wp-json\/wp\/v2\/pages\/31418\/revisions\/31539"}],"wp:attachment":[{"href":"https:\/\/basaburuamtb.com\/eu\/wp-json\/wp\/v2\/media?parent=31418"}],"curies":[{"name":"wp","href":"https:\/\/api.w.org\/{rel}","templated":true}]}}