{"id":31426,"date":"2026-01-11T18:37:00","date_gmt":"2026-01-11T17:37:00","guid":{"rendered":"https:\/\/basaburuamtb.com\/remonteak\/"},"modified":"2026-02-14T13:45:59","modified_gmt":"2026-02-14T12:45:59","slug":"remonteak","status":"publish","type":"page","link":"https:\/\/basaburuamtb.com\/eu\/remonteak\/","title":{"rendered":"Remonteak"},"content":{"rendered":"<div class=\"wpb-content-wrapper\"><section data-vc-full-width=\"true\" data-vc-full-width-init=\"false\" class=\"vc_row wpb_row vc_row-fluid   wow fadeIn pofo-stretch-content pofo-stretch-row-container vc_row-o-content-middle vc_row-flex\"><div class=\"wpb_column vc_column_container vc_col-sm-6 vc_col-lg-6 vc_col-md-6 vc_col-xs-12 wow fadeIn\"><div class=\"vc_column-inner \"><div class=\"wpb_wrapper\">[vc_single_image image=&#8221;30606&#8243; img_size=&#8221;300&#215;300&#8243; alignment=&#8221;center&#8221; css=&#8221;&#8221;]<\/div><\/div><\/div><div class=\"wpb_column vc_column_container vc_col-sm-6 vc_col-lg-6 vc_col-md-6 vc_col-xs-12 wow fadeIn text-justify md-text-justify xs-text-center\"><div class=\"vc_column-inner \"><div class=\"wpb_wrapper\"><h5 class=\"text-extra-dark-gray margin-20px-bottom font-weight-600 display-inline-block heading-style2 pofo-button-responsive-69d926794ac7d  heading-1\"  style=\"width: 90%; font-weight: 300;\">Jaitsiera gehiago, igoera gutxiago. Gozatu mendiaz ahalik eta gehien. Ipar Trails-en furgonetazko remonteen zerbitzua eskaintzen dizugu, bizikletaren gainean minutu bakoitza aprobetxatu nahi dutenentzat pentsatua. Kendu pista aspergarrietako igoerak eta zentratu onenean: bidexketan.<\/h5><\/div><\/div><\/div><\/section><div class=\"vc_row-full-width vc_clearfix\"><\/div><section data-vc-full-width=\"true\" data-vc-full-width-init=\"false\" data-vc-stretch-content=\"true\" class=\"vc_row wpb_row vc_row-fluid  vc_custom_1507624164184 wow fadeIn pofo-stretch-content vc_row-o-equal-height vc_row-o-content-middle vc_row-flex\"><div class=\"wpb_column vc_column_container vc_col-sm-12 vc_col-md-4 vc_col-xs-12 wow fadeInUp xs-text-center pofo-column-responsive-69d926794ad45\"><div class=\"vc_column-inner \"><div class=\"wpb_wrapper\"><div class=\"featurebox20 pofo-featurebox  vc_custom_1768151737372 sm-swap-block feature-box-wrap image-hover-style-3 bg-light-gray overflow-hidden featurebox20-1\" ><div class=\"width-100 display-table small-screen xs-height-300px arrow-bottom\">\n                                    <div class=\"display-table-cell vertical-align-middle text-center padding-eighteen-lr md-padding-twelve-lr sm-padding-fifteen-all sm-padding-ten-lr xs-padding-five-lr xs-padding-fourteen-tb\"><h6 class=\"text-extra-dark-gray alt-font width-95 center-col xs-margin-15px-bottom\" style=\"font-weight: 600; color: #ffffff;\">SARBIDE ZUZENA JAITSIERA ONENETARA<\/h6><div class=\"no-letter-spacing padding-two-lr line-height-26 xs-line-height-20 last-paragraph-no-margin\"><p style=\"color: #f2f0eb;\">Gure remonteek gailurretara, mendi magaletara eta Nafarroako jaitsiera dibertigarri eta ikusgarrienetako batzuk hasten diren gune garrantzitsuetara eroso iristeko aukera ematen dizute . Denbora gehiago pedaleatzen, flow gehiago eta gozamen handiagoa jardunaldi bakoitzean.<\/p>\n<\/div><div class=\"separator-line-horrizontal-medium-light2 bg-deep-pink display-inline-block margin-40px-top xs-margin-20px-top\" style=\"background:#ffffff; \"><\/div>    <\/div>\n                                <\/div><div class=\"width-100 display-table position-relative cover-background small-screen xs-height-300px bg-image-srcset\" style=\"background-image: url(https:\/\/basaburuamtb.com\/wp-content\/uploads\/2026\/01\/basaburuamtb-remontes3.jpg)\" data-bg-srcset=\"https:\/\/basaburuamtb.com\/wp-content\/uploads\/2026\/01\/basaburuamtb-remontes3.jpg 700w, https:\/\/basaburuamtb.com\/wp-content\/uploads\/2026\/01\/basaburuamtb-remontes3-300x193.jpg 300w, https:\/\/basaburuamtb.com\/wp-content\/uploads\/2026\/01\/basaburuamtb-remontes3-120x77.jpg 120w, https:\/\/basaburuamtb.com\/wp-content\/uploads\/2026\/01\/basaburuamtb-remontes3-81x52.jpg 81w\"><\/div><\/div><\/div><\/div><\/div><div class=\"wpb_column vc_column_container vc_col-sm-12 vc_col-md-4 vc_col-xs-12 wow fadeInUp xs-text-center pofo-column-responsive-69d926794b2b0\" data-wow-delay= 200ms><div class=\"vc_column-inner \"><div class=\"wpb_wrapper\"><div class=\"featurebox20 pofo-featurebox  vc_custom_1768130671673 feature-box-wrap image-hover-style-3 bg-light-gray overflow-hidden featurebox20-2\" ><div class=\"width-100 display-table position-relative cover-background small-screen xs-height-300px bg-image-srcset\" style=\"background-image: url(https:\/\/basaburuamtb.com\/wp-content\/uploads\/2026\/01\/basaburuamtb-remontes2.jpg)\" data-bg-srcset=\"https:\/\/basaburuamtb.com\/wp-content\/uploads\/2026\/01\/basaburuamtb-remontes2.jpg 700w, https:\/\/basaburuamtb.com\/wp-content\/uploads\/2026\/01\/basaburuamtb-remontes2-300x193.jpg 300w, https:\/\/basaburuamtb.com\/wp-content\/uploads\/2026\/01\/basaburuamtb-remontes2-120x77.jpg 120w, https:\/\/basaburuamtb.com\/wp-content\/uploads\/2026\/01\/basaburuamtb-remontes2-81x52.jpg 81w\"><\/div><div class=\"width-100 display-table small-screen xs-height-300px arrow-top\">\n                                    <div class=\"display-table-cell vertical-align-middle text-center padding-eighteen-lr md-padding-twelve-lr sm-padding-fifteen-all sm-padding-ten-lr xs-padding-five-lr xs-padding-fourteen-tb\"><h6 class=\"text-extra-dark-gray alt-font width-95 center-col xs-margin-15px-bottom\" style=\"font-weight: 600; color: #ffffff;\">MAILA GUZTIETAKO RIDER-ENTZAT<\/h6><div class=\"no-letter-spacing padding-two-lr line-height-26 xs-line-height-20 last-paragraph-no-margin\"><p style=\"color: #f2f0eb;\">Jaitsiera luze eta amaingarriak bilatzen badituzu, zein ibilbide tekniko eta gogorragoak nahi badituzu ere, zerbitzua taldearen mailara eta egin nahi duzun ibilbide motara egokitzen dugu. Lagunarteko irteeretarako, entrenamenduetarako edo enduro eta trail-eko jardunaldi intentsiboetarako aproposa.<\/p>\n<\/div><div class=\"separator-line-horrizontal-medium-light2 bg-deep-pink display-inline-block margin-40px-top xs-margin-20px-top\" style=\"background:#dbbd51; \"><\/div>    <\/div>\n                                <\/div><\/div><\/div><\/div><\/div><div class=\"wpb_column vc_column_container vc_col-sm-12 vc_col-md-4 vc_col-xs-12 wow fadeInUp xs-text-center\" data-wow-delay= 400ms><div class=\"vc_column-inner \"><div class=\"wpb_wrapper\"><div class=\"featurebox20 pofo-featurebox  vc_custom_1768151748006 sm-swap-block feature-box-wrap image-hover-style-3 bg-light-gray overflow-hidden featurebox20-3\" ><div class=\"width-100 display-table small-screen xs-height-300px arrow-bottom\">\n                                    <div class=\"display-table-cell vertical-align-middle text-center padding-eighteen-lr md-padding-twelve-lr sm-padding-fifteen-all sm-padding-ten-lr xs-padding-five-lr xs-padding-fourteen-tb\"><h6 class=\"text-extra-dark-gray alt-font width-95 center-col xs-margin-15px-bottom\" style=\"font-weight: 600; color: #ffffff;\">BIZIKLETAN IBILTZEKO MODU ADIMENTSU BAT<\/h6><div class=\"no-letter-spacing padding-two-lr line-height-26 xs-line-height-20 last-paragraph-no-margin\"><p style=\"color: #f2f0eb;\">Desnibel positiboa murrizteak ez du esperientzia gutxitzea esan nahi, alderantziz baizik: alferrikako ahalegin gutxiago, energia gehiago ibilbide eta jaitsiera bakoitza gozatzeko.<\/p>\n<\/div><div class=\"separator-line-horrizontal-medium-light2 bg-deep-pink display-inline-block margin-40px-top xs-margin-20px-top\" style=\"background:#ffffff; \"><\/div>    <\/div>\n                                <\/div><div class=\"width-100 display-table position-relative cover-background small-screen xs-height-300px bg-image-srcset\" style=\"background-image: url(https:\/\/basaburuamtb.com\/wp-content\/uploads\/2026\/01\/basaburuamtb-remontes1.jpg)\" data-bg-srcset=\"https:\/\/basaburuamtb.com\/wp-content\/uploads\/2026\/01\/basaburuamtb-remontes1.jpg 700w, https:\/\/basaburuamtb.com\/wp-content\/uploads\/2026\/01\/basaburuamtb-remontes1-300x193.jpg 300w, https:\/\/basaburuamtb.com\/wp-content\/uploads\/2026\/01\/basaburuamtb-remontes1-120x77.jpg 120w, https:\/\/basaburuamtb.com\/wp-content\/uploads\/2026\/01\/basaburuamtb-remontes1-81x52.jpg 81w\"><\/div><\/div><\/div><\/div><\/div><\/section><div class=\"vc_row-full-width vc_clearfix\"><\/div><section class=\"vc_row wpb_row vc_row-fluid   wow fadeIn\"><div class=\"wpb_column vc_column_container vc_col-sm-1 vc_col-lg-2 vc_col-md-2 vc_hidden-xs col-xs-mobile-fullwidth\"><div class=\"vc_column-inner \"><div class=\"wpb_wrapper\"><\/div><\/div><\/div><div class=\"wpb_column vc_column_container vc_col-sm-10 vc_col-lg-8 vc_col-md-8 vc_col-xs-12 text-center\"><div class=\"vc_column-inner \"><div class=\"wpb_wrapper\"><div class=\"testimonial-3 testimonial-style-3\"><h5 class=\"alt-font text-extra-dark-gray font-weight-600 margin-5px-bottom\">igo, kargatu bizikleta eta utzi eramaten<\/h5><h5 class=\"alt-font text-extra-dark-gray font-weight-300\">Bihurtu zure irteera gozamenez betetako jardunaldi batean, benetan gustatzen zaizun horretan zentratuta: jaistea.<\/h5><\/div><\/div><\/div><\/div><div class=\"wpb_column vc_column_container vc_col-sm-1 vc_col-lg-2 vc_col-md-2 vc_hidden-xs col-xs-mobile-fullwidth\"><div class=\"vc_column-inner \"><div class=\"wpb_wrapper\"><\/div><\/div><\/div><\/section><section data-vc-full-width=\"true\" data-vc-full-width-init=\"false\" data-vc-stretch-content=\"true\" class=\"vc_row wpb_row vc_row-fluid  vc_custom_1768130907109 wow fadeIn vc_row-has-fill pofo-stretch-content vc_row-o-equal-height vc_row-o-content-middle vc_row-flex\"><div class=\"wpb_column vc_column_container vc_col-has-fill vc_col-sm-12 vc_col-lg-6 vc_col-md-6 vc_col-xs-12 wow fadeIn pofo-column-responsive-69d926794bd3e\"><div class=\"vc_column-inner cover-background bg-position-center-center vc_custom_1768152391739\"><div class=\"wpb_wrapper\"><\/div><\/div><\/div><div class=\"wpb_column vc_column_container vc_col-sm-12 vc_col-lg-6 vc_col-md-6 vc_col-xs-12 wow fadeIn pofo-column-responsive-69d926794bd75\"><div class=\"vc_column-inner \"><div class=\"wpb_wrapper\"><div class=\"vc_row wpb_row vc_inner vc_row-fluid  vc_custom_1768128917162\"><div class=\"wpb_column vc_column_container vc_col-sm-12  col-xs-mobile-fullwidth text-center\"><div class=\"vc_column-inner \"><div class=\"wpb_wrapper\"><h5 class=\"text-extra-dark-gray margin-20px-bottom font-weight-600 display-inline-block alt-font heading-style2  heading-2\"  style=\"font-weight: 600; color: #ffffff;\">Zergatik aukeratu gure remonteak?<\/h5><\/div><\/div><\/div><\/div><div class=\"vc_row wpb_row vc_inner vc_row-fluid\"><div class=\"wpb_column vc_column_container vc_col-sm-3  col-xs-mobile-fullwidth wow fadeIn\"><div class=\"vc_column-inner \"><div class=\"wpb_wrapper\"><\/div><\/div><\/div><div class=\"wpb_column vc_column_container vc_col-sm-6  col-xs-mobile-fullwidth text-left\"><div class=\"vc_column-inner \"><div class=\"wpb_wrapper\"><ul class=\"no-padding list-style-4 list-style4-1 \" style=\"color: #f2f0eb;\"><li><p style=\"text-align: justify; font-size: 16px;\">Egokitutako furgoneta. <strong>Gutxienez 5 pertsona, gehienez 8.<\/p><\/li><li><p style=\"text-align: justify; font-size: 16px;\">Gune altuetarako eta jaitsiera onenetarako sarbide azkarra.<\/p><\/li><li><p style=\"text-align: justify; font-size: 16px;\">Denbora gutxiagoan jaitsiera gehiago.<\/p><\/li><li><p style=\"text-align: justify; font-size: 16px;\">Ingurunearekiko errespetua eta lurraldearen ezagutza.<\/p><\/li><li><p style=\"text-align: justify; font-size: 16px;\"> Ahalik eta gozamen handiena izateko pentsatutako esperientzia pertsonalizatuak.<\/p><\/li><\/ul><\/div><\/div><\/div><div class=\"wpb_column vc_column_container vc_col-sm-3  col-xs-mobile-fullwidth\"><div class=\"vc_column-inner \"><div class=\"wpb_wrapper\"><\/div><\/div><\/div><\/div><\/div><\/div><\/div><\/section><div class=\"vc_row-full-width vc_clearfix\"><\/div><section data-vc-full-width=\"true\" data-vc-full-width-init=\"false\" data-parallax-background-ratio=\"0.5\" class=\"vc_row wpb_row vc_row-fluid   wow fadeIn vc_row-has-fill pofo-stretch-content pofo-stretch-row-container parallax\"><div class=\"wpb_column vc_column_container vc_col-sm-12  col-xs-mobile-fullwidth text-center\"><div class=\"vc_column-inner \"><div class=\"wpb_wrapper\"><a class=\"popup-form-1 btn-extra-large btn btn-rounded btn-transparent-dark-gray wow fadeInDown popup-with-form pofo-button-1\" href=\"#popup-form-1770225018\" style=\"color:#2a5f43;  border-color:#2a5f43; \">Kontaktua Zerbitzuak<\/a><div id=\"popup-form-1770225018\" class=\" col-lg-3 col-md-6 col-xs-mobile-fullwidth white-popup-block mfp-hide center-col bg-white border-radius-6 padding-four-half-all md-padding-seven-all\">\n<div class=\"wpcf7 no-js\" id=\"wpcf7-f31330-o1\" lang=\"es-ES\" dir=\"ltr\" data-wpcf7-id=\"31330\">\n<div class=\"screen-reader-response\"><p role=\"status\" aria-live=\"polite\" aria-atomic=\"true\"><\/p> <ul><\/ul><\/div>\n<form action=\"\/eu\/wp-json\/wp\/v2\/pages\/31426#wpcf7-f31330-o1\" method=\"post\" class=\"wpcf7-form init\" aria-label=\"Contact form\" novalidate=\"novalidate\" data-status=\"init\">\n<fieldset class=\"hidden-fields-container\"><input type=\"hidden\" name=\"_wpcf7\" value=\"31330\" \/><input type=\"hidden\" name=\"_wpcf7_version\" value=\"6.1.5\" \/><input type=\"hidden\" name=\"_wpcf7_locale\" value=\"es_ES\" \/><input type=\"hidden\" name=\"_wpcf7_unit_tag\" value=\"wpcf7-f31330-o1\" \/><input type=\"hidden\" name=\"_wpcf7_container_post\" value=\"0\" \/><input type=\"hidden\" name=\"_wpcf7_posted_data_hash\" value=\"\" \/>\n<\/fieldset>\n<div class=\"text-extra-dark-gray alt-font text-large font-weight-600 margin-30px-bottom\">\n\t<p>Solicitud info Servicios IparTrails\n\t<\/p>\n<\/div>\n<div>\n\t<p><span class=\"wpcf7-form-control-wrap\" data-name=\"contact-name\"><input size=\"40\" maxlength=\"400\" class=\"wpcf7-form-control wpcf7-text wpcf7-validates-as-required input-bg\" aria-required=\"true\" aria-invalid=\"false\" placeholder=\"Nombre y Apellidos*\" value=\"\" type=\"text\" name=\"contact-name\" \/><\/span><br \/>\n<span class=\"wpcf7-form-control-wrap\" data-name=\"contact-empresa\"><input size=\"40\" maxlength=\"400\" class=\"wpcf7-form-control wpcf7-text input-bg\" aria-invalid=\"false\" placeholder=\"Empresa\" value=\"\" type=\"text\" name=\"contact-empresa\" \/><\/span><br \/>\n<span class=\"wpcf7-form-control-wrap\" data-name=\"contact-email\"><input size=\"40\" maxlength=\"400\" class=\"wpcf7-form-control wpcf7-email wpcf7-validates-as-required wpcf7-text wpcf7-validates-as-email input-bg\" aria-required=\"true\" aria-invalid=\"false\" placeholder=\"E-mail*\" value=\"\" type=\"email\" name=\"contact-email\" \/><\/span><br \/>\n<span class=\"wpcf7-form-control-wrap\" data-name=\"contact-phone\"><input size=\"40\" maxlength=\"400\" class=\"wpcf7-form-control wpcf7-text wpcf7-validates-as-required input-bg\" aria-required=\"true\" aria-invalid=\"false\" placeholder=\"Tel\u00e9fono Contacto*\" value=\"\" type=\"text\" name=\"contact-phone\" \/><\/span><br \/>\n<span class=\"wpcf7-form-control-wrap\" data-name=\"contact-servicio\"><select class=\"wpcf7-form-control wpcf7-select wpcf7-validates-as-required input-bg\" aria-required=\"true\" aria-invalid=\"false\" name=\"contact-servicio\"><option value=\"Selecciona Servicio\">Selecciona Servicio<\/option><option value=\"Trailbuilding\">Trailbuilding<\/option><option value=\"Gu\u00eda\">Gu\u00eda<\/option><option value=\"Alquilere-Bikes\">Alquilere-Bikes<\/option><option value=\"Remontes\">Remontes<\/option><option value=\"Cursos T\u00e9cnicos\">Cursos T\u00e9cnicos<\/option><option value=\"Organizaci\u00f3n Eventos\">Organizaci\u00f3n Eventos<\/option><\/select><\/span><br \/>\n<span class=\"wpcf7-form-control-wrap\" data-name=\"contact-message\"><textarea cols=\"40\" rows=\"3\" maxlength=\"2000\" class=\"wpcf7-form-control wpcf7-textarea wpcf7-validates-as-required input-bg\" aria-required=\"true\" aria-invalid=\"false\" placeholder=\"Com\u00e9ntanos qu\u00e9 necesitas\" name=\"contact-message\"><\/textarea><\/span>\n\t<\/p>\n\t<p><span class=\"wpcf7-form-control-wrap\" data-name=\"contact-especial\"><textarea cols=\"40\" rows=\"3\" maxlength=\"2000\" class=\"wpcf7-form-control wpcf7-textarea input-bg\" aria-invalid=\"false\" placeholder=\"\u00bfDeseas solicitar informaci\u00f3n o comunicar alguna necesidad de accesibilidad?\" name=\"contact-especial\"><\/textarea><\/span><br \/>\n<input class=\"wpcf7-form-control wpcf7-submit has-spinner btn btn-small border-radius-4 btn-black\" type=\"submit\" value=\"Enviar Solicitud\" \/>\n\t<\/p>\n<\/div><p style=\"display: none !important;\" class=\"akismet-fields-container\" data-prefix=\"_wpcf7_ak_\"><label>&#916;<textarea name=\"_wpcf7_ak_hp_textarea\" cols=\"45\" rows=\"8\" maxlength=\"100\"><\/textarea><\/label><input type=\"hidden\" id=\"ak_js_1\" name=\"_wpcf7_ak_js\" value=\"11\"\/><script>document.getElementById( \"ak_js_1\" ).setAttribute( \"value\", ( new Date() ).getTime() );<\/script><\/p><div class=\"wpcf7-response-output\" aria-hidden=\"true\"><\/div>\n<\/form>\n<\/div>\n<\/div><\/div><\/div><\/div><\/section><div class=\"vc_row-full-width vc_clearfix\"><\/div>\n<\/div>","protected":false},"excerpt":{"rendered":"[vc_single_image image=\"30606\" img_size=\"300x300\" alignment=\"center\" css=\"\"]Jaitsiera gehiago, igoera gutxiago. Gozatu mendiaz ahalik eta gehien. Ipar Trails-en furgonetazko remonteen zerbitzua eskaintzen dizugu, bizikletaren gainean minutu bakoitza aprobetxatu nahi dutenentzat pentsatua. Kendu pista aspergarrietako igoerak eta zentratu onenean: bidexketan. SARBIDE ZUZENA JAITSIERA ONENETARAGure remonteek gailurretara, mendi magaletara eta Nafarroako jaitsiera dibertigarri eta ikusgarrienetako batzuk hasten diren gune garrantzitsuetara eroso iristeko aukera ematen dizute . Denbora gehiago pedaleatzen, flow gehiago eta gozamen handiagoa jardunaldi bakoitzean. MAILA GUZTIETAKO RIDER-ENTZATJaitsiera luze eta amaingarriak bilatzen badituzu, zein ibilbide tekniko eta gogorragoak nahi badituzu ere, zerbitzua taldearen mailara eta egin nahi duzun ibilbide motara egokitzen dugu. Lagunarteko irteeretarako, entrenamenduetarako edo enduro eta trail-eko jardunaldi intentsiboetarako aproposa. BIZIKLETAN IBILTZEKO MODU ADIMENTSU BATDesnibel positiboa murrizteak ez du esperientzia gutxitzea esan nahi, alderantziz baizik: alferrikako ahalegin gutxiago, energia gehiago ibilbide eta jaitsiera bakoitza gozatzeko. igo, kargatu bizikleta eta utzi eramatenBihurtu zure irteera gozamenez betetako jardunaldi batean, benetan gustatzen zaizun horretan zentratuta: jaistea.Zergatik aukeratu gure remonteak?Egokitutako furgoneta. Gutxienez 5 pertsona, gehienez 8.Gune altuetarako eta jaitsiera onenetarako sarbide azkarra.Denbora gutxiagoan jaitsiera gehiago.Ingurunearekiko errespetua eta lurraldearen ezagutza. Ahalik eta gozamen handiena izateko pentsatutako esperientzia pertsonalizatuak.Kontaktua Zerbitzuak Solicitud info Servicios IparTrails Selecciona ServicioTrailbuildingGu\u00edaAlquilere-BikesRemontesCursos T\u00e9cnicosOrganizaci\u00f3n Eventos &#916;","protected":false},"author":2,"featured_media":0,"parent":0,"menu_order":0,"comment_status":"closed","ping_status":"closed","template":"","meta":{"_monsterinsights_skip_tracking":false,"_monsterinsights_sitenote_active":false,"_monsterinsights_sitenote_note":"","_monsterinsights_sitenote_category":0,"footnotes":""},"class_list":["post-31426","page","type-page","status-publish","hentry"],"yoast_head":"<!-- This site is optimized with the Yoast SEO plugin v26.9 - https:\/\/yoast.com\/product\/yoast-seo-wordpress\/ -->\n<title>Trailbuilding Nafarroan - Basaburua MTB<\/title>\n<meta name=\"description\" content=\"IparTrails-en Nafarroan mendiko bizikletaren eta ibilbideak eraikitzearen inguruko zerbitzuak, teknika eta aisialdirako aukerak eskaintzen ditugu.\" \/>\n<meta name=\"robots\" content=\"index, follow, max-snippet:-1, max-image-preview:large, max-video-preview:-1\" \/>\n<link rel=\"canonical\" href=\"https:\/\/basaburuamtb.com\/eu\/remonteak\/\" \/>\n<meta property=\"og:locale\" content=\"eu_ES\" \/>\n<meta property=\"og:type\" content=\"article\" \/>\n<meta property=\"og:title\" content=\"Trailbuilding Nafarroan - Basaburua MTB\" \/>\n<meta property=\"og:description\" content=\"IparTrails-en Nafarroan mendiko bizikletaren eta ibilbideak eraikitzearen inguruko zerbitzuak, teknika eta aisialdirako aukerak eskaintzen ditugu.\" \/>\n<meta property=\"og:url\" content=\"https:\/\/basaburuamtb.com\/eu\/remonteak\/\" \/>\n<meta property=\"og:site_name\" content=\"Basaburua MTB\" \/>\n<meta property=\"article:publisher\" content=\"https:\/\/www.facebook.com\/BasaburuaMTB\" \/>\n<meta property=\"article:modified_time\" content=\"2026-02-14T12:45:59+00:00\" \/>\n<script type=\"application\/ld+json\" class=\"yoast-schema-graph\">{\"@context\":\"https:\/\/schema.org\",\"@graph\":[{\"@type\":\"WebPage\",\"@id\":\"https:\/\/basaburuamtb.com\/eu\/remonteak\/\",\"url\":\"https:\/\/basaburuamtb.com\/eu\/remonteak\/\",\"name\":\"Trailbuilding Nafarroan - Basaburua MTB\",\"isPartOf\":{\"@id\":\"https:\/\/basaburuamtb.com\/eu\/#website\"},\"datePublished\":\"2026-01-11T17:37:00+00:00\",\"dateModified\":\"2026-02-14T12:45:59+00:00\",\"description\":\"IparTrails-en Nafarroan mendiko bizikletaren eta ibilbideak eraikitzearen inguruko zerbitzuak, teknika eta aisialdirako aukerak eskaintzen ditugu.\",\"breadcrumb\":{\"@id\":\"https:\/\/basaburuamtb.com\/eu\/remonteak\/#breadcrumb\"},\"inLanguage\":\"eu-ES\",\"potentialAction\":[{\"@type\":\"ReadAction\",\"target\":[\"https:\/\/basaburuamtb.com\/eu\/remonteak\/\"]}]},{\"@type\":\"BreadcrumbList\",\"@id\":\"https:\/\/basaburuamtb.com\/eu\/remonteak\/#breadcrumb\",\"itemListElement\":[{\"@type\":\"ListItem\",\"position\":1,\"name\":\"Portada\",\"item\":\"https:\/\/basaburuamtb.com\/eu\/hasiera\/\"},{\"@type\":\"ListItem\",\"position\":2,\"name\":\"Remonteak\"}]},{\"@type\":\"WebSite\",\"@id\":\"https:\/\/basaburuamtb.com\/eu\/#website\",\"url\":\"https:\/\/basaburuamtb.com\/eu\/\",\"name\":\"Basaburua MTB\",\"description\":\"Rutas MTB y Enduro en el valle de Basaburua en Navarra\",\"publisher\":{\"@id\":\"https:\/\/basaburuamtb.com\/eu\/#organization\"},\"alternateName\":\"MTB Basaburua\",\"potentialAction\":[{\"@type\":\"SearchAction\",\"target\":{\"@type\":\"EntryPoint\",\"urlTemplate\":\"https:\/\/basaburuamtb.com\/eu\/?s={search_term_string}\"},\"query-input\":{\"@type\":\"PropertyValueSpecification\",\"valueRequired\":true,\"valueName\":\"search_term_string\"}}],\"inLanguage\":\"eu-ES\"},{\"@type\":\"Organization\",\"@id\":\"https:\/\/basaburuamtb.com\/eu\/#organization\",\"name\":\"Basaburua MTB\",\"alternateName\":\"MTB Basaburua\",\"url\":\"https:\/\/basaburuamtb.com\/eu\/\",\"logo\":{\"@type\":\"ImageObject\",\"inLanguage\":\"eu-ES\",\"@id\":\"https:\/\/basaburuamtb.com\/eu\/#\/schema\/logo\/image\/\",\"url\":\"https:\/\/basaburuamtb.com\/wp-content\/uploads\/2022\/12\/cropped-Logo_MTB_BASABURUA-512x512-1.png\",\"contentUrl\":\"https:\/\/basaburuamtb.com\/wp-content\/uploads\/2022\/12\/cropped-Logo_MTB_BASABURUA-512x512-1.png\",\"width\":512,\"height\":512,\"caption\":\"Basaburua MTB\"},\"image\":{\"@id\":\"https:\/\/basaburuamtb.com\/eu\/#\/schema\/logo\/image\/\"},\"sameAs\":[\"https:\/\/www.facebook.com\/BasaburuaMTB\",\"https:\/\/www.instagram.com\/mtb_basaburua\/\",\"https:\/\/www.youtube.com\/@mtbbasaburua238\"]}]}<\/script>\n<!-- \/ Yoast SEO plugin. -->","yoast_head_json":{"title":"Trailbuilding Nafarroan - Basaburua MTB","description":"IparTrails-en Nafarroan mendiko bizikletaren eta ibilbideak eraikitzearen inguruko zerbitzuak, teknika eta aisialdirako aukerak eskaintzen ditugu.","robots":{"index":"index","follow":"follow","max-snippet":"max-snippet:-1","max-image-preview":"max-image-preview:large","max-video-preview":"max-video-preview:-1"},"canonical":"https:\/\/basaburuamtb.com\/eu\/remonteak\/","og_locale":"eu_ES","og_type":"article","og_title":"Trailbuilding Nafarroan - Basaburua MTB","og_description":"IparTrails-en Nafarroan mendiko bizikletaren eta ibilbideak eraikitzearen inguruko zerbitzuak, teknika eta aisialdirako aukerak eskaintzen ditugu.","og_url":"https:\/\/basaburuamtb.com\/eu\/remonteak\/","og_site_name":"Basaburua MTB","article_publisher":"https:\/\/www.facebook.com\/BasaburuaMTB","article_modified_time":"2026-02-14T12:45:59+00:00","schema":{"@context":"https:\/\/schema.org","@graph":[{"@type":"WebPage","@id":"https:\/\/basaburuamtb.com\/eu\/remonteak\/","url":"https:\/\/basaburuamtb.com\/eu\/remonteak\/","name":"Trailbuilding Nafarroan - Basaburua MTB","isPartOf":{"@id":"https:\/\/basaburuamtb.com\/eu\/#website"},"datePublished":"2026-01-11T17:37:00+00:00","dateModified":"2026-02-14T12:45:59+00:00","description":"IparTrails-en Nafarroan mendiko bizikletaren eta ibilbideak eraikitzearen inguruko zerbitzuak, teknika eta aisialdirako aukerak eskaintzen ditugu.","breadcrumb":{"@id":"https:\/\/basaburuamtb.com\/eu\/remonteak\/#breadcrumb"},"inLanguage":"eu-ES","potentialAction":[{"@type":"ReadAction","target":["https:\/\/basaburuamtb.com\/eu\/remonteak\/"]}]},{"@type":"BreadcrumbList","@id":"https:\/\/basaburuamtb.com\/eu\/remonteak\/#breadcrumb","itemListElement":[{"@type":"ListItem","position":1,"name":"Portada","item":"https:\/\/basaburuamtb.com\/eu\/hasiera\/"},{"@type":"ListItem","position":2,"name":"Remonteak"}]},{"@type":"WebSite","@id":"https:\/\/basaburuamtb.com\/eu\/#website","url":"https:\/\/basaburuamtb.com\/eu\/","name":"Basaburua MTB","description":"Rutas MTB y Enduro en el valle de Basaburua en Navarra","publisher":{"@id":"https:\/\/basaburuamtb.com\/eu\/#organization"},"alternateName":"MTB Basaburua","potentialAction":[{"@type":"SearchAction","target":{"@type":"EntryPoint","urlTemplate":"https:\/\/basaburuamtb.com\/eu\/?s={search_term_string}"},"query-input":{"@type":"PropertyValueSpecification","valueRequired":true,"valueName":"search_term_string"}}],"inLanguage":"eu-ES"},{"@type":"Organization","@id":"https:\/\/basaburuamtb.com\/eu\/#organization","name":"Basaburua MTB","alternateName":"MTB Basaburua","url":"https:\/\/basaburuamtb.com\/eu\/","logo":{"@type":"ImageObject","inLanguage":"eu-ES","@id":"https:\/\/basaburuamtb.com\/eu\/#\/schema\/logo\/image\/","url":"https:\/\/basaburuamtb.com\/wp-content\/uploads\/2022\/12\/cropped-Logo_MTB_BASABURUA-512x512-1.png","contentUrl":"https:\/\/basaburuamtb.com\/wp-content\/uploads\/2022\/12\/cropped-Logo_MTB_BASABURUA-512x512-1.png","width":512,"height":512,"caption":"Basaburua MTB"},"image":{"@id":"https:\/\/basaburuamtb.com\/eu\/#\/schema\/logo\/image\/"},"sameAs":["https:\/\/www.facebook.com\/BasaburuaMTB","https:\/\/www.instagram.com\/mtb_basaburua\/","https:\/\/www.youtube.com\/@mtbbasaburua238"]}]}},"_links":{"self":[{"href":"https:\/\/basaburuamtb.com\/eu\/wp-json\/wp\/v2\/pages\/31426","targetHints":{"allow":["GET"]}}],"collection":[{"href":"https:\/\/basaburuamtb.com\/eu\/wp-json\/wp\/v2\/pages"}],"about":[{"href":"https:\/\/basaburuamtb.com\/eu\/wp-json\/wp\/v2\/types\/page"}],"author":[{"embeddable":true,"href":"https:\/\/basaburuamtb.com\/eu\/wp-json\/wp\/v2\/users\/2"}],"replies":[{"embeddable":true,"href":"https:\/\/basaburuamtb.com\/eu\/wp-json\/wp\/v2\/comments?post=31426"}],"version-history":[{"count":3,"href":"https:\/\/basaburuamtb.com\/eu\/wp-json\/wp\/v2\/pages\/31426\/revisions"}],"predecessor-version":[{"id":31541,"href":"https:\/\/basaburuamtb.com\/eu\/wp-json\/wp\/v2\/pages\/31426\/revisions\/31541"}],"wp:attachment":[{"href":"https:\/\/basaburuamtb.com\/eu\/wp-json\/wp\/v2\/media?parent=31426"}],"curies":[{"name":"wp","href":"https:\/\/api.w.org\/{rel}","templated":true}]}}